{"id":2592,"date":"2023-03-28T16:48:53","date_gmt":"2023-03-28T14:48:53","guid":{"rendered":"https:\/\/www.ropesys.com\/training\/"},"modified":"2024-12-25T15:02:00","modified_gmt":"2024-12-25T14:02:00","slug":"training","status":"publish","type":"page","link":"https:\/\/www.ropesys.com\/en\/training\/","title":{"rendered":"Training"},"content":{"rendered":"<p>[et_pb_section fb_built=&#8221;1&#8243; _builder_version=&#8221;4.20.2&#8243; custom_padding=&#8221;0px||50px||false|false&#8221; global_colors_info=&#8221;{}&#8221;][et_pb_row _builder_version=&#8221;4.20.2&#8243; _module_preset=&#8221;default&#8221; global_colors_info=&#8221;{}&#8221;][et_pb_column type=&#8221;4_4&#8243; _builder_version=&#8221;4.20.2&#8243; _module_preset=&#8221;default&#8221; global_colors_info=&#8221;{}&#8221;][lwp_divi_breadcrumbs _builder_version=&#8221;4.20.2&#8243; _module_preset=&#8221;default&#8221; global_colors_info=&#8221;{}&#8221;][\/lwp_divi_breadcrumbs][\/et_pb_column][\/et_pb_row][et_pb_row _builder_version=&#8221;4.20.2&#8243; custom_padding=&#8221;||0px||false|false&#8221; global_colors_info=&#8221;{}&#8221;][et_pb_column type=&#8221;4_4&#8243; _builder_version=&#8221;4.16&#8243; custom_padding=&#8221;|||&#8221; global_colors_info=&#8221;{}&#8221; custom_padding__hover=&#8221;|||&#8221;][et_pb_text admin_label=&#8221;Training&#8221; _builder_version=&#8221;4.27.4&#8243; text_font=&#8221;Roboto||||&#8221; text_text_color=&#8221;#1a1a1a&#8221; text_font_size=&#8221;24px&#8221; animation_style=&#8221;slide&#8221; animation_direction=&#8221;top&#8221; animation_intensity_slide=&#8221;10%&#8221; global_colors_info=&#8221;{}&#8221;]<\/p>\n<h1 class=\"entry-title\">Training for Rope Testing Equipment<\/h1>\n<p>[\/et_pb_text][\/et_pb_column][\/et_pb_row][et_pb_row column_structure=&#8221;1_2,1_2&#8243; _builder_version=&#8221;4.20.2&#8243; custom_padding=&#8221;0px||||false|false&#8221; global_colors_info=&#8221;{}&#8221;][et_pb_column type=&#8221;1_2&#8243; _builder_version=&#8221;4.16&#8243; custom_padding=&#8221;|||&#8221; global_colors_info=&#8221;{}&#8221; custom_padding__hover=&#8221;|||&#8221;][et_pb_divider color=&#8221;#cf0000&#8243; divider_position=&#8221;center&#8221; divider_weight=&#8221;3px&#8221; disabled_on=&#8221;off|off|off&#8221; _builder_version=&#8221;4.20.2&#8243; max_width=&#8221;150px&#8221; height=&#8221;false&#8221; custom_margin=&#8221;||0px||false|false&#8221; animation_style=&#8221;slide&#8221; animation_direction=&#8221;top&#8221; animation_delay=&#8221;100ms&#8221; animation_intensity_slide=&#8221;10%&#8221; global_colors_info=&#8221;{}&#8221;][\/et_pb_divider][et_pb_text admin_label=&#8221;Text&#8221; _builder_version=&#8221;4.27.4&#8243; text_font=&#8221;||||||||&#8221; custom_padding=&#8221;30px|||&#8221; animation_style=&#8221;slide&#8221; animation_direction=&#8221;top&#8221; animation_delay=&#8221;200ms&#8221; animation_intensity_slide=&#8221;10%&#8221; global_colors_info=&#8221;{}&#8221;]<\/p>\n<h2>Practical Training for Your Employees<\/h2>\n<p><strong><\/strong><\/p>\n<ul>\n<li><strong>How does magnetic inductive rope testing work?<\/strong><\/li>\n<li>\n<h4><strong>And how can I use a magnetic tester?<\/strong><\/h4>\n<\/li>\n<\/ul>\n<p>We answer questions like these and many more for your employees during our training courses. In addition to the basics about ropes, the focus is on practical work with rope testing equipment and the evaluation of the measurements obtained.<\/p>\n<h3>Effective training for the safe use of rope testing equipment<\/h3>\n<p>In our training sessions, your employees will not only learn the theory but also the effective application of rope testing equipment in their daily work. We provide them with the necessary know-how to reliably inspect ropes and conduct evaluations safely. The training is hands-on, ensuring that your employees are directly involved in working with the equipment.  <\/p>\n<p>An important part of our training is understanding and applying the correct measurement methods. We cover different types of ropes and specific testing requirements. This ensures that every participant is optimally prepared for using rope testing equipment.  <\/p>\n<h3>Why our training for rope testing equipment is special<\/h3>\n<p>Our training for rope testing equipment stands out due to its practical approach and individualized customization to meet your needs. This ensures that your employees are well-prepared and confident in handling the equipment safely. <\/p>\n<h3>Flexible training options \u2013<\/h3>\n<h3>We come to you or welcome you at our location.<\/h3>\n<p>Depending on your preferences, the training sessions can take place at your location, on-site with the client, or in our rooms in Stuttgart. We offer flexible options tailored to your needs. Whether it&#8217;s a small group or a larger team, our training is designed to ensure that every participant benefits.  <\/p>\n<h3>Individual consultation for customized rope testing equipment training<\/h3>\n<p>We would be happy to advise you on putting together an event tailored to your needs. <a href=\"https:\/\/www.ropesys.com\/en\/company\/contact\/\" target=\"_blank\" rel=\"noopener noreferrer\">Contact us<\/a> and let us advise you on an individual training course for rope testing devices! This will ensure that your employees are optimally prepared and that you get the maximum benefit from our service. <\/p>\n<p>[\/et_pb_text][\/et_pb_column][et_pb_column type=&#8221;1_2&#8243; _builder_version=&#8221;4.16&#8243; custom_padding=&#8221;|||&#8221; global_colors_info=&#8221;{}&#8221; custom_padding__hover=&#8221;|||&#8221;][et_pb_image src=&#8221;https:\/\/www.ropesys.com\/wp-content\/uploads\/2023\/03\/4-1024&#215;768-1.jpg&#8221; title_text=&#8221;4-1024&#215;768&#8243; force_fullwidth=&#8221;on&#8221; align_tablet=&#8221;center&#8221; align_phone=&#8221;center&#8221; align_last_edited=&#8221;on|desktop&#8221; _builder_version=&#8221;4.20.2&#8243; custom_margin=&#8221;60px||||false|false&#8221; animation_style=&#8221;fold&#8221; animation_direction=&#8221;right&#8221; animation_intensity_fold=&#8221;20%&#8221; animation=&#8221;fade_in&#8221; global_colors_info=&#8221;{}&#8221;][\/et_pb_image][et_pb_image src=&#8221;https:\/\/www.ropesys.com\/wp-content\/uploads\/2023\/04\/Pruefgeraete-2.jpg&#8221; title_text=&#8221;Pr\u00fcfger\u00e4te -2&#8243; force_fullwidth=&#8221;on&#8221; align_tablet=&#8221;center&#8221; align_phone=&#8221;center&#8221; align_last_edited=&#8221;on|desktop&#8221; _builder_version=&#8221;4.27.4&#8243; custom_margin=&#8221;60px||||false|false&#8221; animation_style=&#8221;fold&#8221; animation_direction=&#8221;right&#8221; animation_intensity_fold=&#8221;20%&#8221; animation=&#8221;fade_in&#8221; global_colors_info=&#8221;{}&#8221;][\/et_pb_image][et_pb_image src=&#8221;https:\/\/www.ropesys.com\/wp-content\/uploads\/2023\/04\/Sonderkonstruktion_IMERYS.jpg&#8221; title_text=&#8221;automated rope inspection system: MRT + VI&#8221; force_fullwidth=&#8221;on&#8221; align_tablet=&#8221;center&#8221; align_phone=&#8221;center&#8221; align_last_edited=&#8221;on|desktop&#8221; _builder_version=&#8221;4.27.4&#8243; custom_margin=&#8221;60px||||false|false&#8221; animation_style=&#8221;fold&#8221; animation_direction=&#8221;right&#8221; animation_intensity_fold=&#8221;20%&#8221; hover_enabled=&#8221;0&#8243; animation=&#8221;fade_in&#8221; global_colors_info=&#8221;{}&#8221; alt=&#8221;automated rope inspection system: MRT + VI&#8221; sticky_enabled=&#8221;0&#8243;][\/et_pb_image][\/et_pb_column][\/et_pb_row][\/et_pb_section][et_pb_section fb_built=&#8221;1&#8243; _builder_version=&#8221;4.20.2&#8243; background_color=&#8221;#f4f4f4&#8243; custom_padding=&#8221;0px||0px||false|false&#8221; locked=&#8221;off&#8221; global_colors_info=&#8221;{}&#8221;][et_pb_row column_structure=&#8221;1_4,1_4,1_4,1_4&#8243; use_custom_gutter=&#8221;on&#8221; gutter_width=&#8221;1&#8243; make_equal=&#8221;on&#8221; admin_label=&#8221;Gallery&#8221; module_class=&#8221; et_pb_row_fullwidth&#8221; _builder_version=&#8221;4.20.2&#8243; width=&#8221;100%&#8221; width_tablet=&#8221;100%&#8221; width_phone=&#8221;100%&#8221; width_last_edited=&#8221;on|phone&#8221; max_width=&#8221;100%&#8221; max_width_tablet=&#8221;100%&#8221; max_width_phone=&#8221;100%&#8221; max_width_last_edited=&#8221;on|desktop&#8221; custom_padding=&#8221;0px||0px||false|false&#8221; make_fullwidth=&#8221;on&#8221; global_colors_info=&#8221;{}&#8221;][et_pb_column type=&#8221;1_4&#8243; _builder_version=&#8221;4.16&#8243; custom_padding=&#8221;|||&#8221; global_colors_info=&#8221;{}&#8221; custom_padding__hover=&#8221;|||&#8221;][et_pb_image src=&#8221;https:\/\/www.ropesys.com\/wp-content\/uploads\/2023\/04\/Vortrag_4__-1.jpg&#8221; title_text=&#8221;Vortrag_(4)__&#8221; force_fullwidth=&#8221;on&#8221; align_tablet=&#8221;center&#8221; align_phone=&#8221;center&#8221; align_last_edited=&#8221;on|desktop&#8221; _builder_version=&#8221;4.20.4&#8243; animation_style=&#8221;zoom&#8221; animation_delay=&#8221;200ms&#8221; animation_intensity_zoom=&#8221;10%&#8221; locked=&#8221;off&#8221; global_colors_info=&#8221;{}&#8221;][\/et_pb_image][\/et_pb_column][et_pb_column type=&#8221;1_4&#8243; _builder_version=&#8221;4.16&#8243; custom_padding=&#8221;|||&#8221; global_colors_info=&#8221;{}&#8221; custom_padding__hover=&#8221;|||&#8221;][et_pb_image src=&#8221;https:\/\/www.ropesys.com\/wp-content\/uploads\/2023\/04\/Winterberg_R58.jpg&#8221; title_text=&#8221;Winterberg_R58&#8243; force_fullwidth=&#8221;on&#8221; align_tablet=&#8221;center&#8221; align_phone=&#8221;center&#8221; align_last_edited=&#8221;on|desktop&#8221; _builder_version=&#8221;4.20.4&#8243; animation_style=&#8221;zoom&#8221; animation_delay=&#8221;100ms&#8221; animation_intensity_zoom=&#8221;10%&#8221; locked=&#8221;off&#8221; global_colors_info=&#8221;{}&#8221;][\/et_pb_image][\/et_pb_column][et_pb_column type=&#8221;1_4&#8243; _builder_version=&#8221;4.16&#8243; custom_padding=&#8221;|||&#8221; global_colors_info=&#8221;{}&#8221; custom_padding__hover=&#8221;|||&#8221;][et_pb_image src=&#8221;https:\/\/www.ropesys.com\/wp-content\/uploads\/2023\/04\/MadeIN_Seilbahn_02.jpg&#8221; title_text=&#8221;MadeIN_Seilbahn_02&#8243; force_fullwidth=&#8221;on&#8221; align_tablet=&#8221;center&#8221; align_phone=&#8221;center&#8221; align_last_edited=&#8221;on|desktop&#8221; _builder_version=&#8221;4.20.4&#8243; animation_style=&#8221;zoom&#8221; animation_intensity_zoom=&#8221;10%&#8221; global_colors_info=&#8221;{}&#8221;][\/et_pb_image][\/et_pb_column][et_pb_column type=&#8221;1_4&#8243; _builder_version=&#8221;4.16&#8243; custom_padding=&#8221;|||&#8221; global_colors_info=&#8221;{}&#8221; custom_padding__hover=&#8221;|||&#8221;][et_pb_image src=&#8221;https:\/\/www.ropesys.com\/wp-content\/uploads\/2023\/04\/ROTEC-Tassen.jpg&#8221; title_text=&#8221;ROTEC-Tassen&#8221; force_fullwidth=&#8221;on&#8221; align_tablet=&#8221;center&#8221; align_phone=&#8221;center&#8221; align_last_edited=&#8221;on|desktop&#8221; _builder_version=&#8221;4.20.4&#8243; animation_style=&#8221;zoom&#8221; animation_delay=&#8221;300ms&#8221; animation_intensity_zoom=&#8221;10%&#8221; locked=&#8221;off&#8221; global_colors_info=&#8221;{}&#8221;][\/et_pb_image][\/et_pb_column][\/et_pb_row][\/et_pb_section]<\/p>\n","protected":false},"excerpt":{"rendered":"<p><div class=\"et_pb_module lwp_divi_breadcrumbs lwp_divi_breadcrumbs_0\">\n\t\t\t\t\n\t\t\t\t\n\t\t\t\t\n\t\t\t\t\n\t\t\t\t\n\t\t\t\t\n\t\t\t\t<div class=\"et_pb_module_inner\">\n\t\t\t\t\t<div class=\"lwp-breadcrumbs\"> <span class=\"before\"><\/span> <span vocab=\"https:\/\/schema.org\/\" typeof=\"BreadcrumbList\"><span property=\"itemListElement\" typeof=\"ListItem\"><a property=\"item\" typeof=\"WebPage\" href=\"https:\/\/www.ropesys.com\/en\/\" class=\"home\"><span property=\"name\">Home<\/span><\/a><meta property=\"position\" content=\"1\"><\/span> <span class=\"separator et-pb-icon\">&#x39;<\/span> <\/span><\/div>\n\t\t\t\t<\/div>\n\t\t\t<\/div>Training for Rope Testing EquipmentPractical Training for Your Employees How does magnetic inductive rope testing work? And how can I use a magnetic tester? We answer questions like these and many more for your employees during our training courses. In addition to the basics about ropes, the focus is on practical work [&hellip;]<\/p>\n","protected":false},"author":1,"featured_media":3276,"parent":0,"menu_order":0,"comment_status":"closed","ping_status":"closed","template":"","meta":{"_acf_changed":false,"_et_pb_use_builder":"on","_et_pb_old_content":"","_et_gb_content_width":"","inline_featured_image":false,"footnotes":""},"class_list":["post-2592","page","type-page","status-publish","has-post-thumbnail","hentry"],"acf":[],"yoast_head":"<!-- This site is optimized with the Yoast SEO plugin v27.4 - https:\/\/yoast.com\/product\/yoast-seo-wordpress\/ -->\n<title>Training f\u00fcr Seilpr\u00fcfger\u00e4te - ROPESYS<\/title>\n<meta name=\"description\" content=\"Training for rope testing devices from ROPESYS: Practice-oriented training for your employees. We would be happy to advise you. Contact us.\" \/>\n<meta name=\"robots\" content=\"index, follow, max-snippet:-1, max-image-preview:large, max-video-preview:-1\" \/>\n<link rel=\"canonical\" href=\"https:\/\/www.ropesys.com\/en\/training\/\" \/>\n<meta property=\"og:locale\" content=\"en_US\" \/>\n<meta property=\"og:type\" content=\"article\" \/>\n<meta property=\"og:title\" content=\"Training f\u00fcr Seilpr\u00fcfger\u00e4te - ROPESYS\" \/>\n<meta property=\"og:description\" content=\"Training for rope testing devices from ROPESYS: Practice-oriented training for your employees. We would be happy to advise you. Contact us.\" \/>\n<meta property=\"og:url\" content=\"https:\/\/www.ropesys.com\/en\/training\/\" \/>\n<meta property=\"og:site_name\" content=\"ROPESYS\" \/>\n<meta property=\"article:modified_time\" content=\"2024-12-25T14:02:00+00:00\" \/>\n<meta property=\"og:image\" content=\"https:\/\/www.ropesys.com\/wp-content\/uploads\/2023\/08\/R28_Zipline.jpg\" \/>\n\t<meta property=\"og:image:width\" content=\"640\" \/>\n\t<meta property=\"og:image:height\" content=\"480\" \/>\n\t<meta property=\"og:image:type\" content=\"image\/jpeg\" \/>\n<meta name=\"twitter:card\" content=\"summary_large_image\" \/>\n<meta name=\"twitter:label1\" content=\"Est. reading time\" \/>\n\t<meta name=\"twitter:data1\" content=\"6 minutes\" \/>\n<script type=\"application\/ld+json\" class=\"yoast-schema-graph\">{\"@context\":\"https:\\\/\\\/schema.org\",\"@graph\":[{\"@type\":\"WebPage\",\"@id\":\"https:\\\/\\\/www.ropesys.com\\\/en\\\/training\\\/\",\"url\":\"https:\\\/\\\/www.ropesys.com\\\/en\\\/training\\\/\",\"name\":\"Training f\u00fcr Seilpr\u00fcfger\u00e4te - ROPESYS\",\"isPartOf\":{\"@id\":\"https:\\\/\\\/www.ropesys.com\\\/en\\\/#website\"},\"primaryImageOfPage\":{\"@id\":\"https:\\\/\\\/www.ropesys.com\\\/en\\\/training\\\/#primaryimage\"},\"image\":{\"@id\":\"https:\\\/\\\/www.ropesys.com\\\/en\\\/training\\\/#primaryimage\"},\"thumbnailUrl\":\"https:\\\/\\\/www.ropesys.com\\\/wp-content\\\/uploads\\\/2023\\\/08\\\/R28_Zipline.jpg\",\"datePublished\":\"2023-03-28T14:48:53+00:00\",\"dateModified\":\"2024-12-25T14:02:00+00:00\",\"description\":\"Training for rope testing devices from ROPESYS: Practice-oriented training for your employees. We would be happy to advise you. Contact us.\",\"breadcrumb\":{\"@id\":\"https:\\\/\\\/www.ropesys.com\\\/en\\\/training\\\/#breadcrumb\"},\"inLanguage\":\"en-US\",\"potentialAction\":[{\"@type\":\"ReadAction\",\"target\":[\"https:\\\/\\\/www.ropesys.com\\\/en\\\/training\\\/\"]}]},{\"@type\":\"ImageObject\",\"inLanguage\":\"en-US\",\"@id\":\"https:\\\/\\\/www.ropesys.com\\\/en\\\/training\\\/#primaryimage\",\"url\":\"https:\\\/\\\/www.ropesys.com\\\/wp-content\\\/uploads\\\/2023\\\/08\\\/R28_Zipline.jpg\",\"contentUrl\":\"https:\\\/\\\/www.ropesys.com\\\/wp-content\\\/uploads\\\/2023\\\/08\\\/R28_Zipline.jpg\",\"width\":640,\"height\":480,\"caption\":\"The Bodetal Dam zipline is being tested by employees.\"},{\"@type\":\"BreadcrumbList\",\"@id\":\"https:\\\/\\\/www.ropesys.com\\\/en\\\/training\\\/#breadcrumb\",\"itemListElement\":[{\"@type\":\"ListItem\",\"position\":1,\"name\":\"Startseite\",\"item\":\"https:\\\/\\\/www.ropesys.com\\\/en\\\/homepage\\\/\"},{\"@type\":\"ListItem\",\"position\":2,\"name\":\"Training\"}]},{\"@type\":\"WebSite\",\"@id\":\"https:\\\/\\\/www.ropesys.com\\\/en\\\/#website\",\"url\":\"https:\\\/\\\/www.ropesys.com\\\/en\\\/\",\"name\":\"ROPESYS\",\"description\":\"devices for ropes\",\"potentialAction\":[{\"@type\":\"SearchAction\",\"target\":{\"@type\":\"EntryPoint\",\"urlTemplate\":\"https:\\\/\\\/www.ropesys.com\\\/en\\\/?s={search_term_string}\"},\"query-input\":{\"@type\":\"PropertyValueSpecification\",\"valueRequired\":true,\"valueName\":\"search_term_string\"}}],\"inLanguage\":\"en-US\"}]}<\/script>\n<!-- \/ Yoast SEO plugin. -->","yoast_head_json":{"title":"Training f\u00fcr Seilpr\u00fcfger\u00e4te - ROPESYS","description":"Training for rope testing devices from ROPESYS: Practice-oriented training for your employees. We would be happy to advise you. Contact us.","robots":{"index":"index","follow":"follow","max-snippet":"max-snippet:-1","max-image-preview":"max-image-preview:large","max-video-preview":"max-video-preview:-1"},"canonical":"https:\/\/www.ropesys.com\/en\/training\/","og_locale":"en_US","og_type":"article","og_title":"Training f\u00fcr Seilpr\u00fcfger\u00e4te - ROPESYS","og_description":"Training for rope testing devices from ROPESYS: Practice-oriented training for your employees. We would be happy to advise you. Contact us.","og_url":"https:\/\/www.ropesys.com\/en\/training\/","og_site_name":"ROPESYS","article_modified_time":"2024-12-25T14:02:00+00:00","og_image":[{"width":640,"height":480,"url":"https:\/\/www.ropesys.com\/wp-content\/uploads\/2023\/08\/R28_Zipline.jpg","type":"image\/jpeg"}],"twitter_card":"summary_large_image","twitter_misc":{"Est. reading time":"6 minutes"},"schema":{"@context":"https:\/\/schema.org","@graph":[{"@type":"WebPage","@id":"https:\/\/www.ropesys.com\/en\/training\/","url":"https:\/\/www.ropesys.com\/en\/training\/","name":"Training f\u00fcr Seilpr\u00fcfger\u00e4te - ROPESYS","isPartOf":{"@id":"https:\/\/www.ropesys.com\/en\/#website"},"primaryImageOfPage":{"@id":"https:\/\/www.ropesys.com\/en\/training\/#primaryimage"},"image":{"@id":"https:\/\/www.ropesys.com\/en\/training\/#primaryimage"},"thumbnailUrl":"https:\/\/www.ropesys.com\/wp-content\/uploads\/2023\/08\/R28_Zipline.jpg","datePublished":"2023-03-28T14:48:53+00:00","dateModified":"2024-12-25T14:02:00+00:00","description":"Training for rope testing devices from ROPESYS: Practice-oriented training for your employees. We would be happy to advise you. Contact us.","breadcrumb":{"@id":"https:\/\/www.ropesys.com\/en\/training\/#breadcrumb"},"inLanguage":"en-US","potentialAction":[{"@type":"ReadAction","target":["https:\/\/www.ropesys.com\/en\/training\/"]}]},{"@type":"ImageObject","inLanguage":"en-US","@id":"https:\/\/www.ropesys.com\/en\/training\/#primaryimage","url":"https:\/\/www.ropesys.com\/wp-content\/uploads\/2023\/08\/R28_Zipline.jpg","contentUrl":"https:\/\/www.ropesys.com\/wp-content\/uploads\/2023\/08\/R28_Zipline.jpg","width":640,"height":480,"caption":"The Bodetal Dam zipline is being tested by employees."},{"@type":"BreadcrumbList","@id":"https:\/\/www.ropesys.com\/en\/training\/#breadcrumb","itemListElement":[{"@type":"ListItem","position":1,"name":"Startseite","item":"https:\/\/www.ropesys.com\/en\/homepage\/"},{"@type":"ListItem","position":2,"name":"Training"}]},{"@type":"WebSite","@id":"https:\/\/www.ropesys.com\/en\/#website","url":"https:\/\/www.ropesys.com\/en\/","name":"ROPESYS","description":"devices for ropes","potentialAction":[{"@type":"SearchAction","target":{"@type":"EntryPoint","urlTemplate":"https:\/\/www.ropesys.com\/en\/?s={search_term_string}"},"query-input":{"@type":"PropertyValueSpecification","valueRequired":true,"valueName":"search_term_string"}}],"inLanguage":"en-US"}]}},"_links":{"self":[{"href":"https:\/\/www.ropesys.com\/en\/wp-json\/wp\/v2\/pages\/2592","targetHints":{"allow":["GET"]}}],"collection":[{"href":"https:\/\/www.ropesys.com\/en\/wp-json\/wp\/v2\/pages"}],"about":[{"href":"https:\/\/www.ropesys.com\/en\/wp-json\/wp\/v2\/types\/page"}],"author":[{"embeddable":true,"href":"https:\/\/www.ropesys.com\/en\/wp-json\/wp\/v2\/users\/1"}],"replies":[{"embeddable":true,"href":"https:\/\/www.ropesys.com\/en\/wp-json\/wp\/v2\/comments?post=2592"}],"version-history":[{"count":0,"href":"https:\/\/www.ropesys.com\/en\/wp-json\/wp\/v2\/pages\/2592\/revisions"}],"wp:featuredmedia":[{"embeddable":true,"href":"https:\/\/www.ropesys.com\/en\/wp-json\/wp\/v2\/media\/3276"}],"wp:attachment":[{"href":"https:\/\/www.ropesys.com\/en\/wp-json\/wp\/v2\/media?parent=2592"}],"curies":[{"name":"wp","href":"https:\/\/api.w.org\/{rel}","templated":true}]}}