{"id":8727,"date":"2025-12-24T17:03:34","date_gmt":"2025-12-24T16:03:34","guid":{"rendered":"https:\/\/www.ropesys.com\/produkt\/rope-testing-device-r83-inline\/"},"modified":"2026-04-18T21:14:21","modified_gmt":"2026-04-18T19:14:21","slug":"rope-testing-device-r83-inline","status":"publish","type":"product","link":"https:\/\/www.ropesys.com\/en\/produkt\/rope-testing-device-r83-inline\/","title":{"rendered":"Rope testing device R83 Inline"},"content":{"rendered":"<p>[et_pb_section fb_built=&#8221;1&#8243; _builder_version=&#8221;4.16&#8243; custom_padding=&#8221;0px||||false|false&#8221; global_colors_info=&#8221;{}&#8221;][et_pb_row _builder_version=&#8221;4.16&#8243; background_size=&#8221;initial&#8221; background_position=&#8221;top_left&#8221; background_repeat=&#8221;repeat&#8221; width=&#8221;100%&#8221; custom_padding=&#8221;0px||0px||false|false&#8221; global_colors_info=&#8221;{}&#8221;][et_pb_column type=&#8221;4_4&#8243; _builder_version=&#8221;4.16&#8243; custom_padding=&#8221;|||&#8221; global_colors_info=&#8221;{}&#8221; custom_padding__hover=&#8221;|||&#8221;][et_pb_wc_breadcrumb _builder_version=&#8221;4.16&#8243; global_colors_info=&#8221;{}&#8221;][\/et_pb_wc_breadcrumb][et_pb_wc_cart_notice _builder_version=&#8221;4.16&#8243; global_colors_info=&#8221;{}&#8221;][\/et_pb_wc_cart_notice][\/et_pb_column][\/et_pb_row][et_pb_row column_structure=&#8221;1_2,1_2&#8243; _builder_version=&#8221;4.16&#8243; background_size=&#8221;initial&#8221; background_position=&#8221;top_left&#8221; background_repeat=&#8221;repeat&#8221; width=&#8221;100%&#8221; custom_padding=&#8221;0px||||false|false&#8221; global_colors_info=&#8221;{}&#8221;][et_pb_column type=&#8221;1_2&#8243; _builder_version=&#8221;4.16&#8243; custom_padding=&#8221;|||&#8221; global_colors_info=&#8221;{}&#8221; custom_padding__hover=&#8221;|||&#8221;][et_pb_wc_images _builder_version=&#8221;4.16&#8243; global_colors_info=&#8221;{}&#8221;][\/et_pb_wc_images][\/et_pb_column][et_pb_column type=&#8221;1_2&#8243; _builder_version=&#8221;4.16&#8243; custom_padding=&#8221;|||&#8221; global_colors_info=&#8221;{}&#8221; custom_padding__hover=&#8221;|||&#8221;][et_pb_wc_title _builder_version=&#8221;4.27.4&#8243; header_text_color=&#8221;#808080&#8243; header_font_size=&#8221;24px&#8221; header_line_height=&#8221;1.1em&#8221; global_colors_info=&#8221;{}&#8221;][\/et_pb_wc_title][et_pb_wc_rating show_rating=&#8221;off&#8221; show_reviews_link=&#8221;off&#8221; _builder_version=&#8221;4.27.4&#8243; global_colors_info=&#8221;{}&#8221;][\/et_pb_wc_rating][et_pb_wc_price _builder_version=&#8221;4.16&#8243; global_colors_info=&#8221;{}&#8221;][\/et_pb_wc_price][et_pb_wc_description _builder_version=&#8221;4.16&#8243; global_colors_info=&#8221;{}&#8221;][\/et_pb_wc_description][et_pb_wc_add_to_cart _builder_version=&#8221;4.16&#8243; global_colors_info=&#8221;{}&#8221;][\/et_pb_wc_add_to_cart][et_pb_wc_meta show_categories=&#8221;off&#8221; show_tags=&#8221;off&#8221; _builder_version=&#8221;4.27.4&#8243; global_colors_info=&#8221;{}&#8221;][\/et_pb_wc_meta][\/et_pb_column][\/et_pb_row][et_pb_row _builder_version=&#8221;4.27.4&#8243; _module_preset=&#8221;default&#8221; global_module=&#8221;7327&#8243; global_colors_info=&#8221;{}&#8221;][et_pb_column type=&#8221;4_4&#8243; _builder_version=&#8221;4.27.4&#8243; _module_preset=&#8221;default&#8221; custom_padding=&#8221;||||false|false&#8221; global_colors_info=&#8221;{}&#8221;][et_pb_button button_url=&#8221;https:\/\/www.ropesys.com\/en\/company\/contact\/&#8221; button_text=&#8221;Contact us for a personal product consultation&#8221; button_alignment=&#8221;center&#8221; admin_label=&#8221;Button &#8211; Kontaktieren Sie uns f\u00fcr eine pers\u00f6nliche Produktberatung&#8221; _builder_version=&#8221;4.27.4&#8243; _module_preset=&#8221;default&#8221; custom_button=&#8221;on&#8221; button_text_size=&#8221;24px&#8221; button_text_color=&#8221;#E02B20&#8243; button_bg_color=&#8221;#e0e0e0&#8243; button_border_width=&#8221;1px&#8221; button_border_color=&#8221;#808080&#8243; button_border_radius=&#8221;6px&#8221; button_use_icon=&#8221;off&#8221; custom_margin=&#8221;||||false|false&#8221; custom_padding=&#8221;||||false|false&#8221; global_colors_info=&#8221;{}&#8221;][\/et_pb_button][et_pb_button button_url=&#8221;&lt;!&#8211;&#91;CDATA&#91;tel:+497112527360&#93;&#93;&#8211;&gt;&#8221; button_text=&#8221;\ud83d\udcde +49 (0) 711 252 736 &#8211; 0 &#8221; button_alignment=&#8221;center&#8221; admin_label=&#8221;Button &#8211; Telefonnummer&#8221; _builder_version=&#8221;4.27.4&#8243; _module_preset=&#8221;default&#8221; custom_button=&#8221;on&#8221; button_text_size=&#8221;17px&#8221; button_text_color=&#8221;#E02B20&#8243; button_bg_color=&#8221;#FFFFFF&#8221; button_border_width=&#8221;0px&#8221; button_border_color=&#8221;#808080&#8243; button_use_icon=&#8221;off&#8221; global_colors_info=&#8221;{}&#8221;][\/et_pb_button][\/et_pb_column][\/et_pb_row][et_pb_row _builder_version=&#8221;4.16&#8243; background_size=&#8221;initial&#8221; background_position=&#8221;top_left&#8221; background_repeat=&#8221;repeat&#8221; width=&#8221;100%&#8221; global_colors_info=&#8221;{}&#8221;][et_pb_column type=&#8221;4_4&#8243; _builder_version=&#8221;4.16&#8243; custom_padding=&#8221;|||&#8221; global_colors_info=&#8221;{}&#8221; custom_padding__hover=&#8221;|||&#8221;][et_pb_wc_tabs _builder_version=&#8221;4.16&#8243; global_colors_info=&#8221;{}&#8221;] [\/et_pb_wc_tabs][et_pb_wc_upsells _builder_version=&#8221;4.16&#8243; global_colors_info=&#8221;{}&#8221;][\/et_pb_wc_upsells][et_pb_wc_related_products disabled_on=&#8221;on|on|on&#8221; _builder_version=&#8221;4.27.4&#8243; disabled global_colors_info=&#8221;{}&#8221;][\/et_pb_wc_related_products][\/et_pb_column][\/et_pb_row][\/et_pb_section]<\/p>\n","protected":false},"excerpt":{"rendered":"<p>The ROPESYS R83 Inline Rope testing device is a compact and lightweight rope tester for ropes with a diameter of 43 to 83 mm. It is ideal for mobile testing and confined spaces, providing precise on-site magnetic inductive measurements. The rope tester is specifically optimized for use in rope and strand production and monitors the manufacturing process in real time.<\/p>\n","protected":false},"featured_media":8642,"template":"","meta":{"_acf_changed":false,"_et_pb_use_builder":"on","_et_pb_old_content":"<h2><span style=\"color: #808080\">R83 INLINE rope testing device \u2013 permanent quality control for wire ropes<\/span><\/h2>\n<span style=\"color: #808080\">The R83 Inline rope testing device is a compact, lightweight and powerful device for the non-destructive testing of wire ropes with a diameter of 43 to 83 mm. <\/span>\n\n<span style=\"color: #808080\">The rope testing device is particularly suitable for mobile testing and confined spaces. <\/span>\n\n<span style=\"color: #808080\">Weighing only 28.3 kg and with compact dimensions of 408 x 219 x 254 mm, the device offers maximum precision with ease of use. Measurement data can be directly acquired and analyzed using the ROPESYS software.  <\/span>\n\n<span style=\"color: #808080\">The rope testing device ensures reliable results in all on-site tests and effectively supports testers in various industries in the evaluation of wire ropes.<\/span>\n<h3><span style=\"color: #808080\">Features and benefits of the R83 Inline rope tester<\/span><\/h3>\n<span style=\"color: #808080\">This rope testing device offers high performance in a handy format. It tests wire ropes from  <\/span>43 to 83 mm reliably and non-destructively. \n\n<span style=\"color: #808080\">Integrated data acquisition, power supply, rechargeable battery and Wi-Fi enable direct transmission of measurement results. <\/span>\n\n<span style=\"color: #808080\">The device is particularly suitable for mobile applications where precision and ease of use are crucial. <\/span>\n\n<span style=\"color: #808080\">Users benefit from the compact design and low weight, which means the rope testing device can also be used in hard-to-reach places. <\/span>\n\n<span style=\"color: #808080\">The R83 Inline rope testing device is an ideal tool for reliably checking the safety of ropes at any time.<\/span>\n<h3><span style=\"color: #808080\">Further information<\/span><\/h3>\n<span style=\"color: #808080\">Das Seilpr\u00fcfger\u00e4t R83 Inline kann optimal mit den passenden Sensoren und F\u00fchrungsbacken kombiniert werden. Further details on sensors and guide jaws can be found here in the ROPESYS product catalog. <\/span>\n\n<span style=\"color: #808080\">The combination of sensors and guide jaws makes the R83 Inline rope testing device versatile and enables precise testing for any type of wire rope.<\/span>\n<h3 style=\"color: #808080;margin-bottom: 8px\">Technical data<\/h3>\n<div style=\"max-width: 100%\">\n<table style=\"width: 100%;border-collapse: collapse;font-size: 12px;color: #808080;line-height: 1.05 !important\">\n<thead>\n<tr style=\"background-color: #f2f2f2\">\n<th style=\"border: 1px solid #808080;padding: 4px;text-align: center;width: 10%\">Picture<\/th>\n<th style=\"border: 1px solid #808080;padding: 4px;text-align: left;width: 12%\">Item Number<\/th>\n<th style=\"border: 1px solid #808080;padding: 4px;text-align: left;width: 28%\">Designation<\/th>\n<th style=\"border: 1px solid #808080;padding: 4px;text-align: center;width: 10%\">Net weight<\/th>\n<th style=\"border: 1px solid #808080;padding: 4px;text-align: center;width: 15%\">Dimensions (L x W x H)<\/th>\n<th style=\"border: 1px solid #808080;padding: 4px;text-align: center;width: 8%\">CTN<\/th>\n<th style=\"border: 1px solid #808080;padding: 4px;text-align: center;width: 10%\">Testable rope diameter<\/th>\n<th style=\"border: 1px solid #808080;padding: 4px;text-align: center;width: 7%\">Country of origin<\/th>\n<\/tr>\n<\/thead>\n<tbody>\n<tr>\n<td style=\"border: 1px solid #808080;padding: 4px;text-align: center;height: 85px;width: 10%\"><img src=\"https:\/\/www.ropesys.com\/wp-content\/uploads\/2023\/04\/R28-1024x974-2-300x285.png\" width=\"80\"><\/td>\n<td style=\"border: 1px solid #808080;padding: 4px;height: 85px;width: 12%\">P124T9013<\/td>\n<td style=\"border: 1px solid #808080;padding: 4px;height: 85px;width: 28%\"><strong>R83 Inline Device -<\/strong>\nINLINE = permanently installed device for process monitoring<\/td>\n<td style=\"border: 1px solid #808080;padding: 4px;text-align: center;height: 85px;width: 10%\">28,3 kg<\/td>\n<td style=\"border: 1px solid #808080;padding: 4px;text-align: center;height: 85px;width: 15%\">408 x 219 x 254 mm<\/td>\n<td style=\"border: 1px solid #808080;padding: 4px;text-align: center;height: 85px;width: 8%\">90241020<\/td>\n<td style=\"border: 1px solid #808080;padding: 4px;text-align: center;height: 85px;width: 10%\">\u2205 = 43 - 83 mm<\/td>\n<td style=\"border: 1px solid #808080;padding: 4px;text-align: center;height: 85px;width: 7%\">Germany<\/td>\n<\/tr>\n<\/tbody>\n<\/table>\n<\/div>\n\u00a0\n<div>\n<div>\n<h3 style=\"color: #808080;margin-bottom: 8px\">Suitable <a style=\"color: #d40200\" href=\"https:\/\/www.ropesys.com\/produkt\/fuehrungsbacken-fuer-seilpruefgeraet-r83-u83\/\">guide jaws<\/a> and <a style=\"color: #d40200\" href=\"https:\/\/www.ropesys.com\/produkt\/sensoren-fuer-seilpruefgeraet-r83-u83\/\">sensors<\/a><\/h3>\n<div style=\"max-width: 100%\">\n<table style=\"width: 100%;border-collapse: collapse;font-size: 12px;color: #808080;line-height: 1.1 !important\">\n<thead>\n<tr style=\"background-color: #f2f2f2\">\n<th style=\"border: 1px solid #808080;padding: 4px;text-align: center;width: 20%\">Cable diameter <\/th>\u00d8 [mm<th style=\"border: 1px solid #808080;padding: 4px;text-align: center\" colspan=\"2\">] Guide jaws<\/th> <th style=\"border: 1px solid #808080;padding: 4px;text-align: center\" colspan=\"2\">Sensors<\/th>\n<\/tr>\n<tr style=\"background-color: #f2f2f2\">\n<th style=\"border: 1px solid #808080;padding: 4px;text-align: center\">Range<\/th>\n<th style=\"border: 1px solid #808080;padding: 4px;text-align: center;width: 15%\">\u00d8 [mm]<\/th>\n<th style=\"border: 1px solid #808080;padding: 4px;text-align: center;width: 25%\">P\/N<\/th>\n<th style=\"border: 1px solid #808080;padding: 4px;text-align: center;width: 15%\">\u00d8 [mm]<\/th>\n<th style=\"border: 1px solid #808080;padding: 4px;text-align: center;width: 25%\">P\/N<\/th>\n<\/tr>\n<\/thead>\n<tbody>\n<tr>\n<td style=\"border: 1px solid #808080;padding: 4px;text-align: center\">43 \u2013 47<\/td>\n<td style=\"border: 1px solid #808080;padding: 4px;text-align: center\">48<\/td>\n<td style=\"border: 1px solid #808080;padding: 4px;text-align: center\">P124T9050<\/td>\n<td style=\"border: 1px solid #808080;padding: 4px;text-align: center\">55<\/td>\n<td style=\"border: 1px solid #808080;padding: 4px;text-align: center\">P124T9070<\/td>\n<\/tr>\n<tr>\n<td style=\"border: 1px solid #808080;padding: 4px;text-align: center\">48 \u2013 52<\/td>\n<td style=\"border: 1px solid #808080;padding: 4px;text-align: center\">53<\/td>\n<td style=\"border: 1px solid #808080;padding: 4px;text-align: center\">P124T9051<\/td>\n<td style=\"border: 1px solid #808080;padding: 4px;text-align: center\">60<\/td>\n<td style=\"border: 1px solid #808080;padding: 4px;text-align: center\">P124T9071<\/td>\n<\/tr>\n<tr>\n<td style=\"border: 1px solid #808080;padding: 4px;text-align: center\">53 \u2013 57<\/td>\n<td style=\"border: 1px solid #808080;padding: 4px;text-align: center\">58<\/td>\n<td style=\"border: 1px solid #808080;padding: 4px;text-align: center\">P124T9052<\/td>\n<td style=\"border: 1px solid #808080;padding: 4px;text-align: center\">65<\/td>\n<td style=\"border: 1px solid #808080;padding: 4px;text-align: center\">P124T9072<\/td>\n<\/tr>\n<tr>\n<td style=\"border: 1px solid #808080;padding: 4px;text-align: center\">58 \u2013 62<\/td>\n<td style=\"border: 1px solid #808080;padding: 4px;text-align: center\">63<\/td>\n<td style=\"border: 1px solid #808080;padding: 4px;text-align: center\">P124T9053<\/td>\n<td style=\"border: 1px solid #808080;padding: 4px;text-align: center\">70<\/td>\n<td style=\"border: 1px solid #808080;padding: 4px;text-align: center\">P124T9073<\/td>\n<\/tr>\n<tr>\n<td style=\"border: 1px solid #808080;padding: 4px;text-align: center\">63 \u2013 67<\/td>\n<td style=\"border: 1px solid #808080;padding: 4px;text-align: center\">68<\/td>\n<td style=\"border: 1px solid #808080;padding: 4px;text-align: center\">P124T9054<\/td>\n<td style=\"border: 1px solid #808080;padding: 4px;text-align: center\">75<\/td>\n<td style=\"border: 1px solid #808080;padding: 4px;text-align: center\">P124T9074<\/td>\n<\/tr>\n<tr>\n<td style=\"border: 1px solid #808080;padding: 4px;text-align: center\">68 \u2013 72<\/td>\n<td style=\"border: 1px solid #808080;padding: 4px;text-align: center\">73<\/td>\n<td style=\"border: 1px solid #808080;padding: 4px;text-align: center\">P124T9055<\/td>\n<td style=\"border: 1px solid #808080;padding: 4px;text-align: center\">80<\/td>\n<td style=\"border: 1px solid #808080;padding: 4px;text-align: center\">P124T9075<\/td>\n<\/tr>\n<tr>\n<td style=\"border: 1px solid #808080;padding: 4px;text-align: center\">73 \u2013 77<\/td>\n<td style=\"border: 1px solid #808080;padding: 4px;text-align: center\">78<\/td>\n<td style=\"border: 1px solid #808080;padding: 4px;text-align: center\">P124T9056<\/td>\n<td style=\"border: 1px solid #808080;padding: 4px;text-align: center\">85<\/td>\n<td style=\"border: 1px solid #808080;padding: 4px;text-align: center\">P124T9076<\/td>\n<\/tr>\n<tr>\n<td style=\"border: 1px solid #808080;padding: 4px;text-align: center\">78 \u2013 83<\/td>\n<td style=\"border: 1px solid #808080;padding: 4px;text-align: center\">83<\/td>\n<td style=\"border: 1px solid #808080;padding: 4px;text-align: center\">P124T9057<\/td>\n<td style=\"border: 1px solid #808080;padding: 4px;text-align: center\">90<\/td>\n<td style=\"border: 1px solid #808080;padding: 4px;text-align: center\">P124T9077<\/td>\n<\/tr>\n<tr>\n<td style=\"border: 1px solid #808080;padding: 8px;text-align: center;font-style: italic\" colspan=\"5\">For spliced \u200b\u200bropes, it may be necessary to select the next larger combination of guide jaw and sensor.<\/td>\n<\/tr>\n<\/tbody>\n<\/table>\n<\/div>\n<\/div>\n<\/div>\n\u00a0\n<h3><span style=\"color: #808080\">Application areas<\/span><\/h3>\n<ul>\n \t<li>Process monitoring in rope production<\/li>\n \t<li>Process monitoring in stranded wire production<\/li>\n \t<li>Rope testing during rewinding processes<\/li>\n \t<li>Complete documentation of the rope condition at the factory<\/li>\n<\/ul>\n<h3><span style=\"color: #808080\">Scope of delivery<\/span><\/h3>\n<div>\n<div>\n<div>\n<ul>\n \t<li>Data recording<\/li>\n \t<li>Power supply<\/li>\n \t<li>Rechargeable battery<\/li>\n \t<li>WLAN interface (WIFI)<\/li>\n \t<li>LAN interface<\/li>\n \t<li>GPIO interface<\/li>\n \t<li>Software<\/li>\n<\/ul>\n<\/div>\n\u00a0\n\n<\/div>\n<\/div>","_et_gb_content_width":"","inline_featured_image":false},"product_brand":[],"product_cat":[198],"product_tag":[185,233,239,193,189,184,196,182,206,211,187,194,212,191,190,188,192,186],"class_list":{"0":"post-8727","1":"product","2":"type-product","3":"status-publish","4":"has-post-thumbnail","6":"product_cat-rope-testing-devices-up-to-83-mm","7":"product_tag-cable-cars","8":"product_tag-r58-inline-device","9":"product_tag-r83-inline","10":"product_tag-rope-condition-check","11":"product_tag-rope-control","12":"product_tag-rope-inspection","13":"product_tag-rope-inspection-2","14":"product_tag-rope-inspection-devices","15":"product_tag-rope-maintenance","16":"product_tag-rope-maintenance-2","17":"product_tag-rope-safety","18":"product_tag-rope-safety-inspection","19":"product_tag-rope-testing-device-r83","20":"product_tag-rope-testing-system","21":"product_tag-ropeway-inspection","22":"product_tag-safety-inspection-of-ropes","23":"product_tag-seilcheck","24":"product_tag-testing-device-for-ropes","26":"first","27":"instock","28":"shipping-taxable","29":"product-type-simple"},"acf":[],"yoast_head":"<!-- This site is optimized with the Yoast SEO plugin v27.4 - https:\/\/yoast.com\/product\/yoast-seo-wordpress\/ -->\n<title>Rope testing device R83 Inline - ROPESYS<\/title>\n<meta name=\"description\" content=\"Rope testing device R83 INLINE: ROPESYS device for permanent rope monitoring in production \u2013 precise testing of wire ropes up to 83 mm.\" \/>\n<meta name=\"robots\" content=\"index, follow, max-snippet:-1, max-image-preview:large, max-video-preview:-1\" \/>\n<link rel=\"canonical\" href=\"https:\/\/www.ropesys.com\/en\/produkt\/rope-testing-device-r83-inline\/\" \/>\n<meta property=\"og:locale\" content=\"en_US\" \/>\n<meta property=\"og:type\" content=\"article\" \/>\n<meta property=\"og:title\" content=\"Rope testing device R83 Inline - ROPESYS\" \/>\n<meta property=\"og:description\" content=\"Rope testing device R83 INLINE: ROPESYS device for permanent rope monitoring in production \u2013 precise testing of wire ropes up to 83 mm.\" \/>\n<meta property=\"og:url\" content=\"https:\/\/www.ropesys.com\/en\/produkt\/rope-testing-device-r83-inline\/\" \/>\n<meta property=\"og:site_name\" content=\"ROPESYS\" \/>\n<meta property=\"article:modified_time\" content=\"2026-04-18T19:14:21+00:00\" \/>\n<meta property=\"og:image\" content=\"https:\/\/www.ropesys.com\/wp-content\/uploads\/2026\/02\/Seilpruefgeraet-ROPESYS-R83-Vollansicht-scaled.jpg\" \/>\n\t<meta property=\"og:image:width\" content=\"2309\" \/>\n\t<meta property=\"og:image:height\" content=\"2560\" \/>\n\t<meta property=\"og:image:type\" content=\"image\/jpeg\" \/>\n<meta name=\"twitter:card\" content=\"summary_large_image\" \/>\n<meta name=\"twitter:label1\" content=\"Est. reading time\" \/>\n\t<meta name=\"twitter:data1\" content=\"3 minutes\" \/>\n<script type=\"application\/ld+json\" class=\"yoast-schema-graph\">{\"@context\":\"https:\\\/\\\/schema.org\",\"@graph\":[{\"@type\":\"WebPage\",\"@id\":\"https:\\\/\\\/www.ropesys.com\\\/en\\\/produkt\\\/rope-testing-device-r83-inline\\\/\",\"url\":\"https:\\\/\\\/www.ropesys.com\\\/en\\\/produkt\\\/rope-testing-device-r83-inline\\\/\",\"name\":\"Rope testing device R83 Inline - ROPESYS\",\"isPartOf\":{\"@id\":\"https:\\\/\\\/www.ropesys.com\\\/en\\\/#website\"},\"primaryImageOfPage\":{\"@id\":\"https:\\\/\\\/www.ropesys.com\\\/en\\\/produkt\\\/rope-testing-device-r83-inline\\\/#primaryimage\"},\"image\":{\"@id\":\"https:\\\/\\\/www.ropesys.com\\\/en\\\/produkt\\\/rope-testing-device-r83-inline\\\/#primaryimage\"},\"thumbnailUrl\":\"https:\\\/\\\/www.ropesys.com\\\/wp-content\\\/uploads\\\/2026\\\/02\\\/Seilpruefgeraet-ROPESYS-R83-Vollansicht-scaled.jpg\",\"datePublished\":\"2025-12-24T16:03:34+00:00\",\"dateModified\":\"2026-04-18T19:14:21+00:00\",\"description\":\"Rope testing device R83 INLINE: ROPESYS device for permanent rope monitoring in production \u2013 precise testing of wire ropes up to 83 mm.\",\"breadcrumb\":{\"@id\":\"https:\\\/\\\/www.ropesys.com\\\/en\\\/produkt\\\/rope-testing-device-r83-inline\\\/#breadcrumb\"},\"inLanguage\":\"en-US\",\"potentialAction\":[{\"@type\":\"ReadAction\",\"target\":[\"https:\\\/\\\/www.ropesys.com\\\/en\\\/produkt\\\/rope-testing-device-r83-inline\\\/\"]}]},{\"@type\":\"ImageObject\",\"inLanguage\":\"en-US\",\"@id\":\"https:\\\/\\\/www.ropesys.com\\\/en\\\/produkt\\\/rope-testing-device-r83-inline\\\/#primaryimage\",\"url\":\"https:\\\/\\\/www.ropesys.com\\\/wp-content\\\/uploads\\\/2026\\\/02\\\/Seilpruefgeraet-ROPESYS-R83-Vollansicht-scaled.jpg\",\"contentUrl\":\"https:\\\/\\\/www.ropesys.com\\\/wp-content\\\/uploads\\\/2026\\\/02\\\/Seilpruefgeraet-ROPESYS-R83-Vollansicht-scaled.jpg\",\"width\":2309,\"height\":2560,\"caption\":\"The ROPESYS rope testing device R83 complete view\"},{\"@type\":\"BreadcrumbList\",\"@id\":\"https:\\\/\\\/www.ropesys.com\\\/en\\\/produkt\\\/rope-testing-device-r83-inline\\\/#breadcrumb\",\"itemListElement\":[{\"@type\":\"ListItem\",\"position\":1,\"name\":\"Startseite\",\"item\":\"https:\\\/\\\/www.ropesys.com\\\/en\\\/homepage\\\/\"},{\"@type\":\"ListItem\",\"position\":2,\"name\":\"Product Catalog\",\"item\":\"https:\\\/\\\/www.ropesys.com\\\/en\\\/product-catalog\\\/\"},{\"@type\":\"ListItem\",\"position\":3,\"name\":\"Rope testing device R83 Inline\"}]},{\"@type\":\"WebSite\",\"@id\":\"https:\\\/\\\/www.ropesys.com\\\/en\\\/#website\",\"url\":\"https:\\\/\\\/www.ropesys.com\\\/en\\\/\",\"name\":\"ROPESYS\",\"description\":\"devices for ropes\",\"potentialAction\":[{\"@type\":\"SearchAction\",\"target\":{\"@type\":\"EntryPoint\",\"urlTemplate\":\"https:\\\/\\\/www.ropesys.com\\\/en\\\/?s={search_term_string}\"},\"query-input\":{\"@type\":\"PropertyValueSpecification\",\"valueRequired\":true,\"valueName\":\"search_term_string\"}}],\"inLanguage\":\"en-US\"}]}<\/script>\n<!-- \/ Yoast SEO plugin. -->","yoast_head_json":{"title":"Rope testing device R83 Inline - ROPESYS","description":"Rope testing device R83 INLINE: ROPESYS device for permanent rope monitoring in production \u2013 precise testing of wire ropes up to 83 mm.","robots":{"index":"index","follow":"follow","max-snippet":"max-snippet:-1","max-image-preview":"max-image-preview:large","max-video-preview":"max-video-preview:-1"},"canonical":"https:\/\/www.ropesys.com\/en\/produkt\/rope-testing-device-r83-inline\/","og_locale":"en_US","og_type":"article","og_title":"Rope testing device R83 Inline - ROPESYS","og_description":"Rope testing device R83 INLINE: ROPESYS device for permanent rope monitoring in production \u2013 precise testing of wire ropes up to 83 mm.","og_url":"https:\/\/www.ropesys.com\/en\/produkt\/rope-testing-device-r83-inline\/","og_site_name":"ROPESYS","article_modified_time":"2026-04-18T19:14:21+00:00","og_image":[{"width":2309,"height":2560,"url":"https:\/\/www.ropesys.com\/wp-content\/uploads\/2026\/02\/Seilpruefgeraet-ROPESYS-R83-Vollansicht-scaled.jpg","type":"image\/jpeg"}],"twitter_card":"summary_large_image","twitter_misc":{"Est. reading time":"3 minutes"},"schema":{"@context":"https:\/\/schema.org","@graph":[{"@type":"WebPage","@id":"https:\/\/www.ropesys.com\/en\/produkt\/rope-testing-device-r83-inline\/","url":"https:\/\/www.ropesys.com\/en\/produkt\/rope-testing-device-r83-inline\/","name":"Rope testing device R83 Inline - ROPESYS","isPartOf":{"@id":"https:\/\/www.ropesys.com\/en\/#website"},"primaryImageOfPage":{"@id":"https:\/\/www.ropesys.com\/en\/produkt\/rope-testing-device-r83-inline\/#primaryimage"},"image":{"@id":"https:\/\/www.ropesys.com\/en\/produkt\/rope-testing-device-r83-inline\/#primaryimage"},"thumbnailUrl":"https:\/\/www.ropesys.com\/wp-content\/uploads\/2026\/02\/Seilpruefgeraet-ROPESYS-R83-Vollansicht-scaled.jpg","datePublished":"2025-12-24T16:03:34+00:00","dateModified":"2026-04-18T19:14:21+00:00","description":"Rope testing device R83 INLINE: ROPESYS device for permanent rope monitoring in production \u2013 precise testing of wire ropes up to 83 mm.","breadcrumb":{"@id":"https:\/\/www.ropesys.com\/en\/produkt\/rope-testing-device-r83-inline\/#breadcrumb"},"inLanguage":"en-US","potentialAction":[{"@type":"ReadAction","target":["https:\/\/www.ropesys.com\/en\/produkt\/rope-testing-device-r83-inline\/"]}]},{"@type":"ImageObject","inLanguage":"en-US","@id":"https:\/\/www.ropesys.com\/en\/produkt\/rope-testing-device-r83-inline\/#primaryimage","url":"https:\/\/www.ropesys.com\/wp-content\/uploads\/2026\/02\/Seilpruefgeraet-ROPESYS-R83-Vollansicht-scaled.jpg","contentUrl":"https:\/\/www.ropesys.com\/wp-content\/uploads\/2026\/02\/Seilpruefgeraet-ROPESYS-R83-Vollansicht-scaled.jpg","width":2309,"height":2560,"caption":"The ROPESYS rope testing device R83 complete view"},{"@type":"BreadcrumbList","@id":"https:\/\/www.ropesys.com\/en\/produkt\/rope-testing-device-r83-inline\/#breadcrumb","itemListElement":[{"@type":"ListItem","position":1,"name":"Startseite","item":"https:\/\/www.ropesys.com\/en\/homepage\/"},{"@type":"ListItem","position":2,"name":"Product Catalog","item":"https:\/\/www.ropesys.com\/en\/product-catalog\/"},{"@type":"ListItem","position":3,"name":"Rope testing device R83 Inline"}]},{"@type":"WebSite","@id":"https:\/\/www.ropesys.com\/en\/#website","url":"https:\/\/www.ropesys.com\/en\/","name":"ROPESYS","description":"devices for ropes","potentialAction":[{"@type":"SearchAction","target":{"@type":"EntryPoint","urlTemplate":"https:\/\/www.ropesys.com\/en\/?s={search_term_string}"},"query-input":{"@type":"PropertyValueSpecification","valueRequired":true,"valueName":"search_term_string"}}],"inLanguage":"en-US"}]}},"_links":{"self":[{"href":"https:\/\/www.ropesys.com\/en\/wp-json\/wp\/v2\/product\/8727","targetHints":{"allow":["GET"]}}],"collection":[{"href":"https:\/\/www.ropesys.com\/en\/wp-json\/wp\/v2\/product"}],"about":[{"href":"https:\/\/www.ropesys.com\/en\/wp-json\/wp\/v2\/types\/product"}],"wp:featuredmedia":[{"embeddable":true,"href":"https:\/\/www.ropesys.com\/en\/wp-json\/wp\/v2\/media\/8642"}],"wp:attachment":[{"href":"https:\/\/www.ropesys.com\/en\/wp-json\/wp\/v2\/media?parent=8727"}],"wp:term":[{"taxonomy":"product_brand","embeddable":true,"href":"https:\/\/www.ropesys.com\/en\/wp-json\/wp\/v2\/product_brand?post=8727"},{"taxonomy":"product_cat","embeddable":true,"href":"https:\/\/www.ropesys.com\/en\/wp-json\/wp\/v2\/product_cat?post=8727"},{"taxonomy":"product_tag","embeddable":true,"href":"https:\/\/www.ropesys.com\/en\/wp-json\/wp\/v2\/product_tag?post=8727"}],"curies":[{"name":"wp","href":"https:\/\/api.w.org\/{rel}","templated":true}]}}